{"id":126,"date":"2025-10-22T14:34:01","date_gmt":"2025-10-22T14:34:01","guid":{"rendered":"https:\/\/sdovin.fr\/?page_id=126"},"modified":"2026-02-09T09:29:55","modified_gmt":"2026-02-09T09:29:55","slug":"portfolio","status":"publish","type":"page","link":"https:\/\/sdovin.fr\/index.php\/portfolio\/","title":{"rendered":"Portfolio"},"content":{"rendered":"\n<p><\/p>\n\n\n\n<p><\/p>\n\n\n\n<div class=\"wp-block-media-text is-stacked-on-mobile\"><figure class=\"wp-block-media-text__media\"><img loading=\"lazy\" decoding=\"async\" width=\"262\" height=\"265\" src=\"https:\/\/sdovin.fr\/wp-content\/uploads\/2025\/10\/Capture-decran-2025-10-22-162104-1.png\" alt=\"QRCODE \" class=\"wp-image-131 size-full\"\/><\/figure><div class=\"wp-block-media-text__content\">\n<p class=\"has-accent-2-color has-contrast-background-color has-text-color has-background has-link-color wp-elements-873793f1a0cace47444efa8a0f8102e5\">Pour vous faire une id\u00e9e des projets sur lesquels j&rsquo;ai d\u00e9j\u00e0 travaill\u00e9, je mets ce <a href=\"https:\/\/padlet.com\/s_dovin\/sandrine-dovin-cr-at-tice-vuuq236ccu1brrt2\/slideshow\">diaporama<\/a> \u00e0 votre disposition.<\/p>\n<\/div><\/div>\n\n\n\n<p class=\"has-text-align-center is-style-text-annotation has-base-color has-text-color has-background has-link-color has-large-font-size wp-elements-023cede1b7ee91a3d761d9a625c7b989 is-style-text-annotation--1\" style=\"background-color:#ffffff6b;font-style:normal;font-weight:500\"><strong>Ils m&rsquo;ont fait confiance:<\/strong><\/p>\n\n\n\n<div class=\"wp-block-columns is-style-default has-background has-small-font-size is-layout-flex wp-container-core-columns-is-layout-f96ba0d0 wp-block-columns-is-layout-flex\" style=\"background-color:#ffffff78;margin-top:var(--wp--preset--spacing--20);margin-bottom:var(--wp--preset--spacing--20)\">\n<div class=\"wp-block-column is-layout-flow wp-block-column-is-layout-flow\">\n<figure class=\"wp-block-image aligncenter size-thumbnail\"><img loading=\"lazy\" decoding=\"async\" width=\"150\" height=\"150\" src=\"https:\/\/sdovin.fr\/wp-content\/uploads\/2025\/11\/1624970528254-150x150.jpg\" alt=\"\" class=\"wp-image-297\" srcset=\"https:\/\/sdovin.fr\/wp-content\/uploads\/2025\/11\/1624970528254-150x150.jpg 150w, https:\/\/sdovin.fr\/wp-content\/uploads\/2025\/11\/1624970528254.jpg 200w\" sizes=\"auto, (max-width: 150px) 100vw, 150px\" \/><\/figure>\n<\/div>\n\n\n\n<div class=\"wp-block-column is-layout-flow wp-block-column-is-layout-flow\">\n<figure class=\"wp-block-image size-full has-custom-border wp-duotone-unset-2\"><img loading=\"lazy\" decoding=\"async\" width=\"350\" height=\"103\" src=\"https:\/\/sdovin.fr\/wp-content\/uploads\/2025\/11\/Logo-ISO_14_FINAL_bleu-01.png\" alt=\"\" class=\"wp-image-298\" style=\"border-style:none;border-width:0px;border-radius:0px\" srcset=\"https:\/\/sdovin.fr\/wp-content\/uploads\/2025\/11\/Logo-ISO_14_FINAL_bleu-01.png 350w, https:\/\/sdovin.fr\/wp-content\/uploads\/2025\/11\/Logo-ISO_14_FINAL_bleu-01-300x88.png 300w\" sizes=\"auto, (max-width: 350px) 100vw, 350px\" \/><\/figure>\n<\/div>\n\n\n\n<div class=\"wp-block-column is-layout-flow wp-block-column-is-layout-flow\">\n<figure class=\"wp-block-image aligncenter size-full is-style-default\"><img loading=\"lazy\" decoding=\"async\" width=\"600\" height=\"600\" src=\"https:\/\/sdovin.fr\/wp-content\/uploads\/2025\/11\/ubo-universite-de-bretagne-occidentale-logo.png\" alt=\"\" class=\"wp-image-299\" srcset=\"https:\/\/sdovin.fr\/wp-content\/uploads\/2025\/11\/ubo-universite-de-bretagne-occidentale-logo.png 600w, https:\/\/sdovin.fr\/wp-content\/uploads\/2025\/11\/ubo-universite-de-bretagne-occidentale-logo-300x300.png 300w, https:\/\/sdovin.fr\/wp-content\/uploads\/2025\/11\/ubo-universite-de-bretagne-occidentale-logo-150x150.png 150w\" sizes=\"auto, (max-width: 600px) 100vw, 600px\" \/><\/figure>\n<\/div>\n\n\n\n<div class=\"wp-block-column is-layout-flow wp-block-column-is-layout-flow\">\n<figure class=\"wp-block-image size-full\"><img loading=\"lazy\" decoding=\"async\" width=\"206\" height=\"107\" src=\"http:\/\/sdovin.fr\/wp-content\/uploads\/2026\/02\/AFPA_logo.jpg\" alt=\"\" class=\"wp-image-329\"\/><\/figure>\n<\/div>\n<\/div>\n\n\n\n<p><\/p>\n","protected":false},"excerpt":{"rendered":"<p>Pour vous faire une id\u00e9e des projets sur lesquels j&rsquo;ai d\u00e9j\u00e0 travaill\u00e9, je mets ce diaporama \u00e0 votre disposition. Ils m&rsquo;ont fait confiance:<\/p>\n","protected":false},"author":1,"featured_media":0,"parent":0,"menu_order":0,"comment_status":"closed","ping_status":"closed","template":"page-vierge","meta":{"footnotes":""},"class_list":["post-126","page","type-page","status-publish","hentry"],"_links":{"self":[{"href":"https:\/\/sdovin.fr\/index.php\/wp-json\/wp\/v2\/pages\/126","targetHints":{"allow":["GET"]}}],"collection":[{"href":"https:\/\/sdovin.fr\/index.php\/wp-json\/wp\/v2\/pages"}],"about":[{"href":"https:\/\/sdovin.fr\/index.php\/wp-json\/wp\/v2\/types\/page"}],"author":[{"embeddable":true,"href":"https:\/\/sdovin.fr\/index.php\/wp-json\/wp\/v2\/users\/1"}],"replies":[{"embeddable":true,"href":"https:\/\/sdovin.fr\/index.php\/wp-json\/wp\/v2\/comments?post=126"}],"version-history":[{"count":7,"href":"https:\/\/sdovin.fr\/index.php\/wp-json\/wp\/v2\/pages\/126\/revisions"}],"predecessor-version":[{"id":331,"href":"https:\/\/sdovin.fr\/index.php\/wp-json\/wp\/v2\/pages\/126\/revisions\/331"}],"wp:attachment":[{"href":"https:\/\/sdovin.fr\/index.php\/wp-json\/wp\/v2\/media?parent=126"}],"curies":[{"name":"wp","href":"https:\/\/api.w.org\/{rel}","templated":true}]}}