{"id":157,"date":"2025-10-23T09:40:04","date_gmt":"2025-10-23T09:40:04","guid":{"rendered":"https:\/\/sdovin.fr\/?page_id=157"},"modified":"2025-11-24T09:04:36","modified_gmt":"2025-11-24T09:04:36","slug":"contacts","status":"publish","type":"page","link":"https:\/\/sdovin.fr\/index.php\/contacts\/","title":{"rendered":"Contacts"},"content":{"rendered":"\n<div class=\"wp-block-media-text is-stacked-on-mobile has-accent-2-color has-contrast-background-color has-text-color has-background has-link-color wp-elements-2ad7be56bf4093c2d2e6eff863be18ba\" style=\"grid-template-columns:15% auto\"><figure class=\"wp-block-media-text__media\"><img loading=\"lazy\" decoding=\"async\" width=\"175\" height=\"180\" src=\"https:\/\/sdovin.fr\/wp-content\/uploads\/2025\/10\/OIP-3.webp\" alt=\"\" class=\"wp-image-159 size-full\"\/><\/figure><div class=\"wp-block-media-text__content\">\n<p>CreaTICE@sdovin.fr<\/p>\n<\/div><\/div>\n\n\n\n<div class=\"wp-block-media-text is-stacked-on-mobile has-accent-2-color has-contrast-background-color has-text-color has-background has-link-color wp-elements-550358231a377d9ce724a398e071e837\" style=\"grid-template-columns:15% auto\"><figure class=\"wp-block-media-text__media\"><img loading=\"lazy\" decoding=\"async\" width=\"132\" height=\"213\" src=\"https:\/\/sdovin.fr\/wp-content\/uploads\/2025\/10\/OIP-4-1.webp\" alt=\"\" class=\"wp-image-161 size-full\"\/><\/figure><div class=\"wp-block-media-text__content\">\n<p>Plouzan\u00e9, Finist\u00e8re, Bretagne<\/p>\n<\/div><\/div>\n\n\n\n<div class=\"wp-block-media-text is-stacked-on-mobile is-vertically-aligned-center has-contrast-background-color has-background\" style=\"grid-template-columns:15% auto\"><figure class=\"wp-block-media-text__media\"><img loading=\"lazy\" decoding=\"async\" width=\"155\" height=\"199\" src=\"https:\/\/sdovin.fr\/wp-content\/uploads\/2025\/10\/OIP-2.webp\" alt=\"\" class=\"wp-image-158 size-full\"\/><\/figure><div class=\"wp-block-media-text__content\">\n<p class=\"has-accent-2-color has-text-color has-link-color wp-elements-9aa2733fa2ceb6f40eba71cce0f29f09\">0780336754<\/p>\n<\/div><\/div>\n\n\n\n<div class=\"wp-block-media-text is-stacked-on-mobile has-accent-2-color has-contrast-background-color has-text-color has-background has-link-color wp-elements-72e81c1d95be57cc2c9bae6e0e48df57\" style=\"grid-template-columns:15% auto\"><figure class=\"wp-block-media-text__media\"><img loading=\"lazy\" decoding=\"async\" width=\"194\" height=\"193\" src=\"https:\/\/sdovin.fr\/wp-content\/uploads\/2025\/10\/OIP-5.webp\" alt=\"\" class=\"wp-image-162 size-full\" srcset=\"https:\/\/sdovin.fr\/wp-content\/uploads\/2025\/10\/OIP-5.webp 194w, https:\/\/sdovin.fr\/wp-content\/uploads\/2025\/10\/OIP-5-150x150.webp 150w\" sizes=\"auto, (max-width: 194px) 100vw, 194px\" \/><\/figure><div class=\"wp-block-media-text__content\">\n<p>Du lundi au vendredi 8h30 &#8211; 16h30 , ferm\u00e9 le mercredi apr\u00e8s midi.<\/p>\n<\/div><\/div>\n\n\n\n<div class=\"wp-block-media-text is-stacked-on-mobile has-accent-2-color has-contrast-background-color has-text-color has-background has-link-color wp-elements-303146f689f3eba59577d7c33db78567\" style=\"grid-template-columns:15% auto\"><figure class=\"wp-block-media-text__media\"><img loading=\"lazy\" decoding=\"async\" width=\"167\" height=\"180\" src=\"https:\/\/sdovin.fr\/wp-content\/uploads\/2025\/10\/OIP-6.webp\" alt=\"\" class=\"wp-image-163 size-full\"\/><\/figure><div class=\"wp-block-media-text__content\">\n<p><a href=\"https:\/\/www.linkedin.com\/in\/sandrine-dovin-cr%C3%A9atice\">https:\/\/www.linkedin.com\/in\/sandrine-dovin-cr\u00e9atice<\/a>\/<\/p>\n<\/div><\/div>\n\n\n\n<div class=\"wp-block-media-text is-stacked-on-mobile has-accent-2-color has-contrast-background-color has-text-color has-background has-link-color wp-elements-e5c833abf5c9ded54e9002254fc69d69\" style=\"grid-template-columns:15% auto\"><figure class=\"wp-block-media-text__media\"><img loading=\"lazy\" decoding=\"async\" width=\"711\" height=\"720\" src=\"https:\/\/sdovin.fr\/wp-content\/uploads\/2025\/10\/OIP-7-1.webp\" alt=\"\" class=\"wp-image-166 size-full\" srcset=\"https:\/\/sdovin.fr\/wp-content\/uploads\/2025\/10\/OIP-7-1.webp 711w, https:\/\/sdovin.fr\/wp-content\/uploads\/2025\/10\/OIP-7-1-296x300.webp 296w\" sizes=\"auto, (max-width: 711px) 100vw, 711px\" \/><\/figure><div class=\"wp-block-media-text__content\">\n<p><a href=\"https:\/\/maps.app.goo.gl\/BsDcctUsBZSeQqNX7\">Fiche \u00e9tablissement<\/a><\/p>\n<\/div><\/div>\n\n\n\n<div class=\"wp-block-buttons is-content-justification-center is-layout-flex wp-container-core-buttons-is-layout-a89b3969 wp-block-buttons-is-layout-flex\"><\/div>\n","protected":false},"excerpt":{"rendered":"<p>CreaTICE@sdovin.fr Plouzan\u00e9, Finist\u00e8re, Bretagne 0780336754 Du lundi au vendredi 8h30 &#8211; 16h30 , ferm\u00e9 le mercredi apr\u00e8s midi. https:\/\/www.linkedin.com\/in\/sandrine-dovin-cr\u00e9atice\/ Fiche \u00e9tablissement<\/p>\n","protected":false},"author":1,"featured_media":0,"parent":0,"menu_order":0,"comment_status":"closed","ping_status":"closed","template":"page-vierge","meta":{"footnotes":""},"class_list":["post-157","page","type-page","status-publish","hentry"],"_links":{"self":[{"href":"https:\/\/sdovin.fr\/index.php\/wp-json\/wp\/v2\/pages\/157","targetHints":{"allow":["GET"]}}],"collection":[{"href":"https:\/\/sdovin.fr\/index.php\/wp-json\/wp\/v2\/pages"}],"about":[{"href":"https:\/\/sdovin.fr\/index.php\/wp-json\/wp\/v2\/types\/page"}],"author":[{"embeddable":true,"href":"https:\/\/sdovin.fr\/index.php\/wp-json\/wp\/v2\/users\/1"}],"replies":[{"embeddable":true,"href":"https:\/\/sdovin.fr\/index.php\/wp-json\/wp\/v2\/comments?post=157"}],"version-history":[{"count":6,"href":"https:\/\/sdovin.fr\/index.php\/wp-json\/wp\/v2\/pages\/157\/revisions"}],"predecessor-version":[{"id":285,"href":"https:\/\/sdovin.fr\/index.php\/wp-json\/wp\/v2\/pages\/157\/revisions\/285"}],"wp:attachment":[{"href":"https:\/\/sdovin.fr\/index.php\/wp-json\/wp\/v2\/media?parent=157"}],"curies":[{"name":"wp","href":"https:\/\/api.w.org\/{rel}","templated":true}]}}