{"id":170,"date":"2025-10-24T09:41:17","date_gmt":"2025-10-24T09:41:17","guid":{"rendered":"https:\/\/sdovin.fr\/?page_id=170"},"modified":"2025-10-24T09:41:17","modified_gmt":"2025-10-24T09:41:17","slug":"mentions-legales","status":"publish","type":"page","link":"https:\/\/sdovin.fr\/index.php\/mentions-legales\/","title":{"rendered":"Mentions l\u00e9gales"},"content":{"rendered":"\n<div class=\"wp-block-media-text is-stacked-on-mobile has-accent-2-color has-contrast-background-color has-text-color has-background has-link-color wp-elements-be5eb46277de50280a746ca3a44a50f8\" style=\"grid-template-columns:46% auto\"><figure class=\"wp-block-media-text__media\"><img loading=\"lazy\" decoding=\"async\" width=\"236\" height=\"96\" src=\"https:\/\/sdovin.fr\/wp-content\/uploads\/2025\/10\/logo2-2.png\" alt=\"\" class=\"wp-image-171 size-full\"\/><\/figure><div class=\"wp-block-media-text__content\">\n<p>N\u00b0 SIRET: 888-338-134-00016<\/p>\n<\/div><\/div>\n\n\n\n<p class=\"has-accent-2-color has-contrast-background-color has-text-color has-background has-link-color has-small-font-size wp-elements-2ac817238cbb2b241fff9e21a8163426\">Ce site est h\u00e9berg\u00e9 par <a href=\"https:\/\/www.ovhcloud.com\/fr\/\">OVH<\/a> et d\u00e9velopp\u00e9 sous <a href=\"http:\/\/Cette politique a \u00e9t\u00e9 mise \u00e0 jour le [date]. Nous nous r\u00e9servons le droit de la modifier \u00e0 tout moment.\">WordPress<\/a>.<\/p>\n\n\n\n<p class=\"has-text-align-left has-accent-2-color has-contrast-background-color has-text-color has-background has-link-color has-small-font-size wp-elements-165cd97671f59a541d4a45f86632b97a\"><strong>RGPD<br><em>Donn\u00e9es personnelles et cookies<\/em><\/strong><br><em>Conform\u00e9ment au R\u00e8glement G\u00e9n\u00e9ral sur la Protection des Donn\u00e9es (RGPD), nous nous engageons \u00e0 prot\u00e9ger vos donn\u00e9es personnelles et \u00e0 vous informer de mani\u00e8re transparente sur leur utilisation. Ce site n\u2019utilise que des cookies strictement n\u00e9cessaires \u00e0 son fonctionnement, sans collecte de donn\u00e9es \u00e0 des fins publicitaires ou de tracking.<\/em><br><br><strong><em>Responsable du traitement<\/em><\/strong><br><em>Le responsable du traitement des donn\u00e9es est Cr\u00e9@TICE  Sandrine DOVIN joignable \u00e0 l\u2019adresse creatice@sdovin.fr .<\/em><br><br><strong><em>Donn\u00e9es collect\u00e9es et finalit\u00e9s<\/em><\/strong><br>Ce site d\u00e9velopp\u00e9 sous WordPress utilise les <strong>cookies essentiels <\/strong>suivants qui, selon le RGPD, ne n\u00e9cessitent pas le consentement de l&rsquo;utilisateur:<br><br>&#8211; <em>wordpress_logged_in_<\/em> : Cookie de session permettant aux utilisateurs connect\u00e9s de naviguer sur le site sans avoir \u00e0 se r\u00e9authentifier \u00e0 chaque page.<br><br>&#8211; <em>wordpress_test_cookie : Cookie technique utilis\u00e9 pour v\u00e9rifier si les cookies sont activ\u00e9s dans le navigateur de l\u2019utilisateur, afin d\u2019assurer le bon fonctionnement de la page de connexion.<\/em><br><br>&#8211; <em>wp-settings-time-[ID] : Cookie utilis\u00e9 pour m\u00e9moriser les pr\u00e9f\u00e9rences d\u2019affichage de l\u2019heure et de la date pour les utilisateurs connect\u00e9s \u00e0 l\u2019administration du site.<\/em><br><br><strong><em>Base l\u00e9gale<\/em><\/strong><br><em>Le traitement de ces donn\u00e9es est bas\u00e9 sur l\u2019ex\u00e9cution d\u2019un service demand\u00e9 par l\u2019utilisateur (acc\u00e8s \u00e0 un espace s\u00e9curis\u00e9, navigation) et est donc n\u00e9cessaire au fonctionnement du site.<\/em><br><br><strong><em>Dur\u00e9e de conservation<\/em><\/strong><br><em>Les cookies essentiels sont conserv\u00e9s pendant la dur\u00e9e de votre session ou, pour certains, jusqu\u2019\u00e0 3 ans pour les pr\u00e9f\u00e9rences utilisateur.<\/em><br><br><strong><em>Droit des utilisateurs<\/em><\/strong><br>Conform\u00e9ment au RGPD, vous disposez des droits suivants :<br><strong>Droit d\u2019opposition<\/strong> : Vous opposer au traitement. Pour exercer ces droits, contactez-nous \u00e0 [ton email]. Vous pouvez \u00e9galement introduire une r\u00e9clamation aupr\u00e8s de la CNIL (<a href=\"http:\/\/www.cnil.fr\" target=\"_blank\" rel=\"noreferrer noopener\">www.cnil.fr<\/a>).<br><strong>Droit d\u2019acc\u00e8s<\/strong> : Savoir quelles donn\u00e9es nous d\u00e9tenons sur vous.<br><strong>Droit de rectification<\/strong> : Corriger vos donn\u00e9es.<br><strong>Droit \u00e0 l\u2019effacement<\/strong> : Supprimer vos donn\u00e9es.<br><strong>Droit \u00e0 la portabilit\u00e9<\/strong> : R\u00e9cup\u00e9rer vos donn\u00e9es.<br><br><strong><em>S\u00e9curit\u00e9 des donn\u00e9es<\/em><\/strong><br><em>Nous mettons en place des mesures de s\u00e9curit\u00e9 pour prot\u00e9ger vos donn\u00e9es contre toute perte, alt\u00e9ration ou acc\u00e8s non autoris\u00e9. Notre h\u00e9bergeur, OVH, est conforme au RGPD et applique des normes de s\u00e9curit\u00e9 strictes.<\/em><br><br><strong><em>Pas de bandeau de consentement n\u00e9c\u00e9ssaire<\/em><\/strong><br><em>Comme ce site n\u2019utilise que des cookies essentiels, aucun bandeau de consentement n\u2019est affich\u00e9. Vous pouvez cependant d\u00e9sactiver les cookies via les param\u00e8tres de votre navigateur, mais cela peut alt\u00e9rer le fonctionnement du site.<\/em><br><br><strong><em>Mise \u00e0 jour de la politique<\/em><\/strong><br><em>Cette politique a \u00e9t\u00e9 mise \u00e0 jour le 24\/10\/2025. Nous nous r\u00e9servons le droit de la modifier \u00e0 tout moment.<\/em><\/p>\n\n\n\n<p><\/p>\n\n\n\n<p><\/p>\n","protected":false},"excerpt":{"rendered":"<p>N\u00b0 SIRET: 888-338-134-00016 Ce site est h\u00e9berg\u00e9 par OVH et d\u00e9velopp\u00e9 sous WordPress. RGPDDonn\u00e9es personnelles et cookiesConform\u00e9ment au R\u00e8glement G\u00e9n\u00e9ral sur la Protection des Donn\u00e9es (RGPD), nous nous engageons \u00e0 prot\u00e9ger vos donn\u00e9es personnelles et \u00e0 vous informer de mani\u00e8re transparente sur leur utilisation. Ce site n\u2019utilise que des cookies strictement n\u00e9cessaires \u00e0 son fonctionnement, [&hellip;]<\/p>\n","protected":false},"author":1,"featured_media":0,"parent":0,"menu_order":0,"comment_status":"closed","ping_status":"closed","template":"page-vierge","meta":{"footnotes":""},"class_list":["post-170","page","type-page","status-publish","hentry"],"_links":{"self":[{"href":"https:\/\/sdovin.fr\/index.php\/wp-json\/wp\/v2\/pages\/170","targetHints":{"allow":["GET"]}}],"collection":[{"href":"https:\/\/sdovin.fr\/index.php\/wp-json\/wp\/v2\/pages"}],"about":[{"href":"https:\/\/sdovin.fr\/index.php\/wp-json\/wp\/v2\/types\/page"}],"author":[{"embeddable":true,"href":"https:\/\/sdovin.fr\/index.php\/wp-json\/wp\/v2\/users\/1"}],"replies":[{"embeddable":true,"href":"https:\/\/sdovin.fr\/index.php\/wp-json\/wp\/v2\/comments?post=170"}],"version-history":[{"count":4,"href":"https:\/\/sdovin.fr\/index.php\/wp-json\/wp\/v2\/pages\/170\/revisions"}],"predecessor-version":[{"id":184,"href":"https:\/\/sdovin.fr\/index.php\/wp-json\/wp\/v2\/pages\/170\/revisions\/184"}],"wp:attachment":[{"href":"https:\/\/sdovin.fr\/index.php\/wp-json\/wp\/v2\/media?parent=170"}],"curies":[{"name":"wp","href":"https:\/\/api.w.org\/{rel}","templated":true}]}}