{"id":197,"date":"2025-10-30T10:40:17","date_gmt":"2025-10-30T10:40:17","guid":{"rendered":"https:\/\/sdovin.fr\/?page_id=197"},"modified":"2025-12-08T13:19:41","modified_gmt":"2025-12-08T13:19:41","slug":"connecter-sa-formation-au-contexte-de-changement-climatique","status":"publish","type":"page","link":"https:\/\/sdovin.fr\/index.php\/connecter-sa-formation-au-contexte-de-changement-climatique\/","title":{"rendered":"CONNECTER SA FORMATION AU CONTEXTE DE CHANGEMENT CLIMATIQUE"},"content":{"rendered":"\n<h2 class=\"wp-block-heading has-accent-2-color has-text-color has-background has-link-color wp-elements-b07794baaaf5f9513ba3b479baa7b61a\" style=\"background-color:#ffffff66;font-style:normal;font-weight:600\">Vivre une Fresque du climat (2G )*<\/h2>\n\n\n\n<p class=\"has-contrast-color has-accent-2-background-color has-text-color has-background has-link-color wp-elements-caf5e76605cfce007f20b96de772b2eb\" style=\"font-style:normal;font-weight:400\">J&rsquo; anime cet atelier participatif pour les formateurs et les apprenants avec les objectifs :<br>&#8211; d&rsquo;<strong>approfondir<\/strong> leur connaissance et compr\u00e9hension des enjeux climatiques , <br>&#8211; d&rsquo;identifier des pistes d&rsquo;<strong>engagement concret<\/strong> pour faire de vos formations des temps d&rsquo;apprentissage <strong>connect\u00e9s aux enjeux<\/strong> de transition,<br>&#8211; et de mobiliser l&rsquo;intelligence collective.<\/p>\n\n\n\n<div data-wp-interactive=\"core\/file\" class=\"wp-block-file has-accent-5-background-color has-background has-link-color wp-elements-e01e395bc50d8b36a995be96f97bc5eb\"><object data-wp-bind--hidden=\"!state.hasPdfPreview\" hidden class=\"wp-block-file__embed\" data=\"https:\/\/sdovin.fr\/wp-content\/uploads\/2025\/11\/Animation-de-la-FRESQUE-DU-CLIMAT.pdf\" type=\"application\/pdf\" style=\"width:100%;height:600px\" aria-label=\"Contenu embarqu\u00e9 Animation de la FRESQUE DU CLIMAT.\"><\/object><a id=\"wp-block-file--media-d1795720-428b-4bab-af91-ac13bdcff3e5\" href=\"https:\/\/sdovin.fr\/wp-content\/uploads\/2025\/11\/Animation-de-la-FRESQUE-DU-CLIMAT.pdf\">Animation de la FRESQUE DU CLIMAT<\/a><a href=\"https:\/\/sdovin.fr\/wp-content\/uploads\/2025\/11\/Animation-de-la-FRESQUE-DU-CLIMAT.pdf\" class=\"wp-block-file__button wp-element-button\" download aria-describedby=\"wp-block-file--media-d1795720-428b-4bab-af91-ac13bdcff3e5\">T\u00e9l\u00e9charger<\/a><\/div>\n\n\n\n<div class=\"wp-block-media-text is-stacked-on-mobile has-accent-3-background-color has-background\" style=\"grid-template-columns:27% auto\"><figure class=\"wp-block-media-text__media\"><img loading=\"lazy\" decoding=\"async\" width=\"200\" height=\"200\" src=\"https:\/\/sdovin.fr\/wp-content\/uploads\/2025\/10\/telechargement.webp\" alt=\"\" class=\"wp-image-202 size-full\" srcset=\"https:\/\/sdovin.fr\/wp-content\/uploads\/2025\/10\/telechargement.webp 200w, https:\/\/sdovin.fr\/wp-content\/uploads\/2025\/10\/telechargement-150x150.webp 150w\" sizes=\"auto, (max-width: 200px) 100vw, 200px\" \/><\/figure><div class=\"wp-block-media-text__content\">\n<p class=\"has-accent-2-color has-text-color has-link-color wp-elements-7a0fc659dc8108ab3d672d963184a56a\" style=\"font-style:normal;font-weight:400\">J&rsquo;anime \u00e9galement une <strong>version enfant <\/strong>de la Fresque du climat (<strong>du CM2 \u00e0 la 3\u00e8me<\/strong>)<br>Simplifi\u00e9e par rapport au format destin\u00e9 aux adultes, la Fresque du climat enfant a aussi pour objectifs:<br>&#8211; de comprendre les causes et impacts du changement climatique<br>&#8211; de savoir que les changements n\u00e9cessaires sont connus et possibles<br>&#8211; de refaire le monde ensemble, gr\u00e2ce \u00e0 l&rsquo;intelligence collective et la cr\u00e9ativit\u00e9.<\/p>\n<\/div><\/div>\n\n\n\n<figure class=\"wp-block-image size-large\"><img loading=\"lazy\" decoding=\"async\" width=\"1024\" height=\"461\" src=\"https:\/\/sdovin.fr\/wp-content\/uploads\/2025\/11\/1756382464251-1024x461.jpg\" alt=\"\" class=\"wp-image-229\" srcset=\"https:\/\/sdovin.fr\/wp-content\/uploads\/2025\/11\/1756382464251-1024x461.jpg 1024w, https:\/\/sdovin.fr\/wp-content\/uploads\/2025\/11\/1756382464251-300x135.jpg 300w, https:\/\/sdovin.fr\/wp-content\/uploads\/2025\/11\/1756382464251-768x346.jpg 768w, https:\/\/sdovin.fr\/wp-content\/uploads\/2025\/11\/1756382464251-1536x691.jpg 1536w, https:\/\/sdovin.fr\/wp-content\/uploads\/2025\/11\/1756382464251.jpg 2040w\" sizes=\"auto, (max-width: 1024px) 100vw, 1024px\" \/><figcaption class=\"wp-element-caption\">Portion de la Fresque du climat r\u00e9alis\u00e9e par un groupe  de 5 personnes du CESIM Sant\u00e9 UBO  2025<\/figcaption><\/figure>\n\n\n\n<details class=\"wp-block-details has-accent-2-color has-text-color has-background has-link-color wp-elements-97b605b22b4c60cbc3bd712568640b4b is-layout-flow wp-block-details-is-layout-flow\" style=\"background-color:#ffffff7d;font-style:normal;font-weight:500\"><summary><strong>Pour information<\/strong> <\/summary>\n<p>10% du montant HT de la prestation d&rsquo;animation seront revers\u00e9s \u00e0 l&rsquo;association <a href=\"https:\/\/fresqueduclimat.org\/\" target=\"_blank\" rel=\"noreferrer noopener\">Fresque du climat<\/a> au titre de la redevance d&rsquo;utilisation.<br><br>*La fresque du climat 2\u00e8me g\u00e9n\u00e9ration (2G) a pour double objectif  de mieux comprendre le changement climatique dans une logique causes-cons\u00e9quences et de d\u00e9couvrir que les solutions pour l&rsquo;att\u00e9nuer et s&rsquo;y adapter existent, sont r\u00e9alisables et souhaitables. <\/p>\n<\/details>\n\n\n\n<div class=\"wp-block-buttons is-content-justification-center is-layout-flex wp-container-core-buttons-is-layout-a89b3969 wp-block-buttons-is-layout-flex\">\n<div class=\"wp-block-button\"><a class=\"wp-block-button__link has-accent-3-color has-accent-2-background-color has-text-color has-background has-link-color wp-element-button\" href=\"https:\/\/sdovin.fr\/index.php\/contacts\/\" target=\"_blank\" rel=\"noreferrer noopener\">Travaillons ensemble<\/a><\/div>\n<\/div>\n\n\n\n<p><\/p>\n","protected":false},"excerpt":{"rendered":"<p>Vivre une Fresque du climat (2G )* J&rsquo; anime cet atelier participatif pour les formateurs et les apprenants avec les objectifs :&#8211; d&rsquo;approfondir leur connaissance et compr\u00e9hension des enjeux climatiques , &#8211; d&rsquo;identifier des pistes d&rsquo;engagement concret pour faire de vos formations des temps d&rsquo;apprentissage connect\u00e9s aux enjeux de transition,&#8211; et de mobiliser l&rsquo;intelligence collective. [&hellip;]<\/p>\n","protected":false},"author":1,"featured_media":0,"parent":0,"menu_order":0,"comment_status":"closed","ping_status":"closed","template":"page-vierge","meta":{"footnotes":""},"class_list":["post-197","page","type-page","status-publish","hentry"],"_links":{"self":[{"href":"https:\/\/sdovin.fr\/index.php\/wp-json\/wp\/v2\/pages\/197","targetHints":{"allow":["GET"]}}],"collection":[{"href":"https:\/\/sdovin.fr\/index.php\/wp-json\/wp\/v2\/pages"}],"about":[{"href":"https:\/\/sdovin.fr\/index.php\/wp-json\/wp\/v2\/types\/page"}],"author":[{"embeddable":true,"href":"https:\/\/sdovin.fr\/index.php\/wp-json\/wp\/v2\/users\/1"}],"replies":[{"embeddable":true,"href":"https:\/\/sdovin.fr\/index.php\/wp-json\/wp\/v2\/comments?post=197"}],"version-history":[{"count":15,"href":"https:\/\/sdovin.fr\/index.php\/wp-json\/wp\/v2\/pages\/197\/revisions"}],"predecessor-version":[{"id":303,"href":"https:\/\/sdovin.fr\/index.php\/wp-json\/wp\/v2\/pages\/197\/revisions\/303"}],"wp:attachment":[{"href":"https:\/\/sdovin.fr\/index.php\/wp-json\/wp\/v2\/media?parent=197"}],"curies":[{"name":"wp","href":"https:\/\/api.w.org\/{rel}","templated":true}]}}