{"id":235,"date":"2025-11-07T15:27:39","date_gmt":"2025-11-07T15:27:39","guid":{"rendered":"https:\/\/sdovin.fr\/?page_id=235"},"modified":"2025-11-19T09:56:42","modified_gmt":"2025-11-19T09:56:42","slug":"ingenierie-de-projet-pedagogique","status":"publish","type":"page","link":"https:\/\/sdovin.fr\/index.php\/ingenierie-de-projet-pedagogique\/","title":{"rendered":"INGENIERIE DE PROJET PEDAGOGIQUE"},"content":{"rendered":"\n<p class=\"has-contrast-color has-accent-2-background-color has-text-color has-background has-link-color wp-elements-d6012467ca539b32438ca1c6ee9c6f3c\" style=\"font-style:italic;font-weight:800\">Vous avez besoin de cr\u00e9er une nouvelle formation, ou d&rsquo;en r\u00e9nover une d\u00e9j\u00e0 existante ?<\/p>\n\n\n\n<p class=\"has-contrast-color has-accent-2-background-color has-text-color has-background has-link-color wp-elements-64ed9d09a397ac9b64332a8f32bd99f7\" style=\"font-style:italic;font-weight:800\">Vous avez les experts m\u00e9tiers , les contenus de formation mais il vous manque l&rsquo;expertise d&rsquo;ing\u00e9nierie p\u00e9dagogique ou le temps d\u00e9di\u00e9 \u00e0 ce nouveau projet ?<\/p>\n\n\n\n<p class=\"has-accent-2-color has-accent-3-background-color has-text-color has-background has-link-color wp-elements-1198572d7729c3199018dd9f03da6585\" style=\"font-style:normal;font-weight:400\"><strong>Je propose <\/strong>:<br><br>&#8211; L&rsquo;analyse de vos besoins et contraintes p\u00e9dagogiques et techno-p\u00e9dagogiques<br>&#8211; La r\u00e9daction du cahier des charges fonctionnel de votre projet<br>&#8211; La coordination et l&rsquo;animation des parties prenantes du projet<br>&#8211; L&rsquo;\u00e9laboration du design p\u00e9dagogique et l&rsquo;\u00e9criture du sc\u00e9nario de formation<br>&#8211; La conception des supports p\u00e9dagogiques<\/p>\n\n\n\n<p><\/p>\n\n\n\n<p class=\"has-accent-2-color has-accent-3-background-color has-text-color has-background has-link-color wp-elements-1b3b90ba835a6585b950eaa45bb2a3d0\" style=\"font-style:normal;font-weight:400\"><strong>Pour \u00e9laborer ma proposition:<\/strong> <br><br>&#8211; Je privil\u00e9gie le <strong>mix p\u00e9dagogique<\/strong><br>&#8211; Je mobilise les <strong>p\u00e9dagogies actives<\/strong><br>&#8211; J&rsquo;int\u00e8gre l&rsquo;i<strong>nnovation p\u00e9dagogique<\/strong> <br>&#8211; Je travaille en <strong>mode coop\u00e9ratif et agile<\/strong><br>&#8211; J&rsquo;ancre mes r\u00e9flexions dans le contexte des <strong>enjeux du 21 \u00e8me<\/strong> <strong>si\u00e8cle <\/strong>(Transitions \u00e9nerg\u00e9tique, \u00e9cologique, soci\u00e9tale)<br>&#8211; Je pratique l&rsquo;<strong>IA<\/strong> responsable, \u00e9thique et transparent<br><\/p>\n\n\n\n<div class=\"wp-block-buttons is-content-justification-center is-layout-flex wp-container-core-buttons-is-layout-a89b3969 wp-block-buttons-is-layout-flex\">\n<div class=\"wp-block-button\"><a class=\"wp-block-button__link has-accent-3-color has-accent-2-background-color has-text-color has-background has-link-color has-text-align-center wp-element-button\" href=\"https:\/\/sdovin.fr\/index.php\/contacts\/\" style=\"font-style:normal;font-weight:700\">Travaillons ensemble<\/a><\/div>\n<\/div>\n\n\n\n<p><\/p>\n\n\n\n<p><\/p>\n","protected":false},"excerpt":{"rendered":"<p>Vous avez besoin de cr\u00e9er une nouvelle formation, ou d&rsquo;en r\u00e9nover une d\u00e9j\u00e0 existante ? Vous avez les experts m\u00e9tiers , les contenus de formation mais il vous manque l&rsquo;expertise d&rsquo;ing\u00e9nierie p\u00e9dagogique ou le temps d\u00e9di\u00e9 \u00e0 ce nouveau projet ? Je propose : &#8211; L&rsquo;analyse de vos besoins et contraintes p\u00e9dagogiques et techno-p\u00e9dagogiques&#8211; La [&hellip;]<\/p>\n","protected":false},"author":1,"featured_media":0,"parent":0,"menu_order":0,"comment_status":"closed","ping_status":"closed","template":"page-vierge","meta":{"footnotes":""},"class_list":["post-235","page","type-page","status-publish","hentry"],"_links":{"self":[{"href":"https:\/\/sdovin.fr\/index.php\/wp-json\/wp\/v2\/pages\/235","targetHints":{"allow":["GET"]}}],"collection":[{"href":"https:\/\/sdovin.fr\/index.php\/wp-json\/wp\/v2\/pages"}],"about":[{"href":"https:\/\/sdovin.fr\/index.php\/wp-json\/wp\/v2\/types\/page"}],"author":[{"embeddable":true,"href":"https:\/\/sdovin.fr\/index.php\/wp-json\/wp\/v2\/users\/1"}],"replies":[{"embeddable":true,"href":"https:\/\/sdovin.fr\/index.php\/wp-json\/wp\/v2\/comments?post=235"}],"version-history":[{"count":6,"href":"https:\/\/sdovin.fr\/index.php\/wp-json\/wp\/v2\/pages\/235\/revisions"}],"predecessor-version":[{"id":258,"href":"https:\/\/sdovin.fr\/index.php\/wp-json\/wp\/v2\/pages\/235\/revisions\/258"}],"wp:attachment":[{"href":"https:\/\/sdovin.fr\/index.php\/wp-json\/wp\/v2\/media?parent=235"}],"curies":[{"name":"wp","href":"https:\/\/api.w.org\/{rel}","templated":true}]}}