{"id":262,"date":"2026-03-25T10:52:48","date_gmt":"2026-03-25T10:52:48","guid":{"rendered":"https:\/\/sdovin.fr\/?page_id=262"},"modified":"2026-03-25T15:03:02","modified_gmt":"2026-03-25T15:03:02","slug":"faire-de-la-nature-son-allie-pedagogique","status":"publish","type":"page","link":"https:\/\/sdovin.fr\/index.php\/faire-de-la-nature-son-allie-pedagogique\/","title":{"rendered":"FAIRE DE LA NATURE SON ALLIE PEDAGOGIQUE"},"content":{"rendered":"\n<p class=\"has-contrast-color has-accent-2-background-color has-text-color has-background has-link-color wp-elements-5cc92905a904a426b60414effb895389\">Je propose cet atelier pour les formateurs : <br>&#8211; qui souhaitent enrichir leur p\u00e9dagogie en mobilisant le levier de la nature,  <br>&#8211; qui cherchent \u00e0 am\u00e9liorer l&rsquo;exp\u00e9rience  d&rsquo;apprentissage par une approche holistique de la formation, <br>&#8211; qui veulent participer \u00e0 la transition socio-\u00e9colo-p\u00e9dagogique et enfin <br>&#8211; qui veulent contribuer \u00e0 la sant\u00e9 des \u00e9tudiants aussi bien qu&rsquo;\u00e0 la leur.<\/p>\n\n\n\n<div data-wp-interactive=\"core\/file\" class=\"wp-block-file has-base-background-color has-background\" style=\"margin-right:0;margin-left:0\"><object data-wp-bind--hidden=\"!state.hasPdfPreview\" hidden class=\"wp-block-file__embed\" data=\"https:\/\/sdovin.fr\/wp-content\/uploads\/2026\/03\/Reenchanter-la-formation.pdf\" type=\"application\/pdf\" style=\"width:100%;height:660px\" aria-label=\"Contenu embarqu\u00e9 R\u00e9enchanter la formation.\"><\/object><a id=\"wp-block-file--media-a7a7b32a-8e72-421b-95a7-2d6d84b4879d\" href=\"https:\/\/sdovin.fr\/wp-content\/uploads\/2026\/03\/Reenchanter-la-formation.pdf\">R\u00e9enchanter la formation<\/a><a href=\"https:\/\/sdovin.fr\/wp-content\/uploads\/2026\/03\/Reenchanter-la-formation.pdf\" class=\"wp-block-file__button wp-element-button\" download aria-describedby=\"wp-block-file--media-a7a7b32a-8e72-421b-95a7-2d6d84b4879d\">T\u00e9l\u00e9charger<\/a><\/div>\n\n\n\n<p><\/p>\n","protected":false},"excerpt":{"rendered":"<p>Je propose cet atelier pour les formateurs : &#8211; qui souhaitent enrichir leur p\u00e9dagogie en mobilisant le levier de la nature, &#8211; qui cherchent \u00e0 am\u00e9liorer l&rsquo;exp\u00e9rience d&rsquo;apprentissage par une approche holistique de la formation, &#8211; qui veulent participer \u00e0 la transition socio-\u00e9colo-p\u00e9dagogique et enfin &#8211; qui veulent contribuer \u00e0 la sant\u00e9 des \u00e9tudiants aussi [&hellip;]<\/p>\n","protected":false},"author":1,"featured_media":0,"parent":0,"menu_order":0,"comment_status":"closed","ping_status":"closed","template":"page-vierge","meta":{"footnotes":""},"class_list":["post-262","page","type-page","status-publish","hentry"],"_links":{"self":[{"href":"https:\/\/sdovin.fr\/index.php\/wp-json\/wp\/v2\/pages\/262","targetHints":{"allow":["GET"]}}],"collection":[{"href":"https:\/\/sdovin.fr\/index.php\/wp-json\/wp\/v2\/pages"}],"about":[{"href":"https:\/\/sdovin.fr\/index.php\/wp-json\/wp\/v2\/types\/page"}],"author":[{"embeddable":true,"href":"https:\/\/sdovin.fr\/index.php\/wp-json\/wp\/v2\/users\/1"}],"replies":[{"embeddable":true,"href":"https:\/\/sdovin.fr\/index.php\/wp-json\/wp\/v2\/comments?post=262"}],"version-history":[{"count":6,"href":"https:\/\/sdovin.fr\/index.php\/wp-json\/wp\/v2\/pages\/262\/revisions"}],"predecessor-version":[{"id":345,"href":"https:\/\/sdovin.fr\/index.php\/wp-json\/wp\/v2\/pages\/262\/revisions\/345"}],"wp:attachment":[{"href":"https:\/\/sdovin.fr\/index.php\/wp-json\/wp\/v2\/media?parent=262"}],"curies":[{"name":"wp","href":"https:\/\/api.w.org\/{rel}","templated":true}]}}