{"id":266,"date":"2025-11-21T13:55:22","date_gmt":"2025-11-21T13:55:22","guid":{"rendered":"https:\/\/sdovin.fr\/?page_id=266"},"modified":"2026-02-09T10:31:17","modified_gmt":"2026-02-09T10:31:17","slug":"faq","status":"publish","type":"page","link":"https:\/\/sdovin.fr\/index.php\/faq\/","title":{"rendered":"FAQ"},"content":{"rendered":"\n<h2 class=\"wp-block-heading has-accent-2-background-color has-background has-large-font-size\">Que signifie pratiquer l&rsquo;<strong>IA<\/strong> responsable, \u00e9thique et transparent ?<\/h2>\n\n\n\n<p class=\"has-accent-2-background-color has-background\" style=\"font-style:normal;font-weight:400\">Pratiquer l&rsquo;IA responsable, \u00e9thique et transparent signifie dans mon cas que:<br>&#8211; ayant pleinement conscience de l&rsquo;impact environnemental de l&rsquo;IA, je la mobilise de mani\u00e8re raisonn\u00e9e en travaillant mes prompts, en l&rsquo;utilisant uniquement sur des t\u00e2ches \u00e0 forte valeur ajout\u00e9e, en minimisant la g\u00e9n\u00e9ration d&rsquo;image et en ne g\u00e9n\u00e9rant aucun audio ni aucune vid\u00e9o.<br>&#8211; je fais le choix d&rsquo;utiliser une IA Fran\u00e7aise open source qui h\u00e9berge ses donn\u00e9es sur le territoire.<br>&#8211; je mentionne le cas \u00e9ch\u00e9ant tout usage de l&rsquo;IA dans mon travail.<br><\/p>\n\n\n\n<p class=\"has-accent-2-color has-accent-3-background-color has-text-color has-background has-link-color wp-elements-2f70da82261ce6944cd2b187345deda5\">C&rsquo;est quoi la Fresque du climat 2\u00e8me g\u00e9n\u00e9ration ?<\/p>\n\n\n\n<p class=\"has-accent-2-color has-accent-3-background-color has-text-color has-background has-link-color wp-elements-af9beeb6e9e6c3028f768ac9e73425db\">La Fresque du climat 2 \u00e8me g\u00e9n\u00e9ration (2G)est l&rsquo;atelier actualis\u00e9 en Juillet 2025. Il a toujours pour objectif  de mieux comprendre le changement climatique dans une logique causes-cons\u00e9quences et en m\u00eame temps vise \u00e0  d\u00e9couvrir que les solutions pour l&rsquo;att\u00e9nuer et s&rsquo;y adapter existent, sont r\u00e9alisables et souhaitables. La Fresque du climat 2 \u00e8me g\u00e9n\u00e9ration entend ainsi d\u00e9velopper une attitude lucide, optimiste et active.<\/p>\n\n\n\n<p class=\"has-contrast-color has-accent-2-background-color has-text-color has-background has-link-color wp-elements-5c7b45dfe19c146529600975367ceb7f\">Que sont les principes de l&rsquo;<strong>\u00e9co conception<\/strong> de ressources p\u00e9dagogiques num\u00e9riques ?<\/p>\n\n\n\n<p class=\"has-contrast-color has-accent-2-background-color has-text-color has-background has-link-color wp-elements-af30dafcfdc667aea4e38d2f4164bcb6\" style=\"font-style:normal;font-weight:400\">Ce sont un ensemble de <strong>pratiques int\u00e9gr\u00e9es \u00e0 la conception<\/strong>, l&rsquo;utilisation et la diffusion de ressources p\u00e9dagogiques. Elles visent \u00e0 produire des ressources \u00ab\u00a0environnementalement\u00a0\u00bb pens\u00e9es.<br>Voici quelques exemples de pratiques: <br>&#8211; Avant de cr\u00e9er une ressource p\u00e9dagogique, je peux v\u00e9rifier si elle existe d\u00e9j\u00e0 et si les droits d&rsquo;auteurs permettent de l&rsquo;utiliser ou la modifier; \u00ab\u00a0Pourquoi refaire ce qui est d\u00e9j\u00e0 fait et bien fait ?\u00a0\u00bb<br>&#8211; J&rsquo;optimise les m\u00e9dias employ\u00e9s (taille, r\u00e9solution, formats.. ) et le design pour all\u00e9ger le poids num\u00e9rique de ma production et ainsi r\u00e9duire son impact carbone.<br><br>Pour en savoir plus , je conseille de consulter le Guide d&rsquo;\u00e9co-conception de ressources p\u00e9dagogiques le groupe de travail \u201cP\u00e9dagogie\u201d du Groupement d\u2019Int\u00e9r\u00eat Scientifique d\u2019Angers Loire Campus (ALC). https:\/\/angersloirecampuspedagogie.notion.site<\/p>\n\n\n\n<p class=\"has-contrast-color has-accent-2-background-color has-text-color has-background has-link-color wp-elements-b7b096f1b378f64b9ea4ead18d3f734c\" style=\"font-style:normal;font-weight:400\"><\/p>\n","protected":false},"excerpt":{"rendered":"<p>Que signifie pratiquer l&rsquo;IA responsable, \u00e9thique et transparent ? Pratiquer l&rsquo;IA responsable, \u00e9thique et transparent signifie dans mon cas que:&#8211; ayant pleinement conscience de l&rsquo;impact environnemental de l&rsquo;IA, je la mobilise de mani\u00e8re raisonn\u00e9e en travaillant mes prompts, en l&rsquo;utilisant uniquement sur des t\u00e2ches \u00e0 forte valeur ajout\u00e9e, en minimisant la g\u00e9n\u00e9ration d&rsquo;image et en [&hellip;]<\/p>\n","protected":false},"author":1,"featured_media":0,"parent":0,"menu_order":0,"comment_status":"closed","ping_status":"closed","template":"page-vierge","meta":{"footnotes":""},"class_list":["post-266","page","type-page","status-publish","hentry"],"_links":{"self":[{"href":"https:\/\/sdovin.fr\/index.php\/wp-json\/wp\/v2\/pages\/266","targetHints":{"allow":["GET"]}}],"collection":[{"href":"https:\/\/sdovin.fr\/index.php\/wp-json\/wp\/v2\/pages"}],"about":[{"href":"https:\/\/sdovin.fr\/index.php\/wp-json\/wp\/v2\/types\/page"}],"author":[{"embeddable":true,"href":"https:\/\/sdovin.fr\/index.php\/wp-json\/wp\/v2\/users\/1"}],"replies":[{"embeddable":true,"href":"https:\/\/sdovin.fr\/index.php\/wp-json\/wp\/v2\/comments?post=266"}],"version-history":[{"count":7,"href":"https:\/\/sdovin.fr\/index.php\/wp-json\/wp\/v2\/pages\/266\/revisions"}],"predecessor-version":[{"id":337,"href":"https:\/\/sdovin.fr\/index.php\/wp-json\/wp\/v2\/pages\/266\/revisions\/337"}],"wp:attachment":[{"href":"https:\/\/sdovin.fr\/index.php\/wp-json\/wp\/v2\/media?parent=266"}],"curies":[{"name":"wp","href":"https:\/\/api.w.org\/{rel}","templated":true}]}}