{"id":290,"date":"2025-11-24T13:31:50","date_gmt":"2025-11-24T13:31:50","guid":{"rendered":"https:\/\/sdovin.fr\/?page_id=290"},"modified":"2025-11-24T13:31:50","modified_gmt":"2025-11-24T13:31:50","slug":"charte-dengagement-sobriete-numerique","status":"publish","type":"page","link":"https:\/\/sdovin.fr\/index.php\/charte-dengagement-sobriete-numerique\/","title":{"rendered":"Charte d&rsquo;engagement Sobri\u00e9t\u00e9 num\u00e9rique"},"content":{"rendered":"\n<div data-wp-interactive=\"core\/file\" class=\"wp-block-file\"><object data-wp-bind--hidden=\"!state.hasPdfPreview\" hidden class=\"wp-block-file__embed\" data=\"https:\/\/sdovin.fr\/wp-content\/uploads\/2025\/11\/CHARTE-ENGAGEMENT-SOBRIETE-NUM-CRE@TRICE-SANDRINE-DOVIN.pdf\" type=\"application\/pdf\" style=\"width:100%;height:1197px\" aria-label=\"Contenu embarqu\u00e9 CHARTE ENGAGEMENT SOBRIETE NUM - CRE@TRICE SANDRINE DOVIN.\"><\/object><a id=\"wp-block-file--media-98113955-0bed-4e5c-9334-6f1c54639aec\" href=\"https:\/\/sdovin.fr\/wp-content\/uploads\/2025\/11\/CHARTE-ENGAGEMENT-SOBRIETE-NUM-CRE@TRICE-SANDRINE-DOVIN.pdf\">CHARTE ENGAGEMENT SOBRIETE NUM &#8211; CRE@TRICE SANDRINE DOVIN<\/a><a href=\"https:\/\/sdovin.fr\/wp-content\/uploads\/2025\/11\/CHARTE-ENGAGEMENT-SOBRIETE-NUM-CRE@TRICE-SANDRINE-DOVIN.pdf\" class=\"wp-block-file__button wp-element-button\" download aria-describedby=\"wp-block-file--media-98113955-0bed-4e5c-9334-6f1c54639aec\">T\u00e9l\u00e9charger<\/a><\/div>\n","protected":false},"excerpt":{"rendered":"","protected":false},"author":1,"featured_media":0,"parent":0,"menu_order":0,"comment_status":"closed","ping_status":"closed","template":"page-vierge","meta":{"footnotes":""},"class_list":["post-290","page","type-page","status-publish","hentry"],"_links":{"self":[{"href":"https:\/\/sdovin.fr\/index.php\/wp-json\/wp\/v2\/pages\/290","targetHints":{"allow":["GET"]}}],"collection":[{"href":"https:\/\/sdovin.fr\/index.php\/wp-json\/wp\/v2\/pages"}],"about":[{"href":"https:\/\/sdovin.fr\/index.php\/wp-json\/wp\/v2\/types\/page"}],"author":[{"embeddable":true,"href":"https:\/\/sdovin.fr\/index.php\/wp-json\/wp\/v2\/users\/1"}],"replies":[{"embeddable":true,"href":"https:\/\/sdovin.fr\/index.php\/wp-json\/wp\/v2\/comments?post=290"}],"version-history":[{"count":1,"href":"https:\/\/sdovin.fr\/index.php\/wp-json\/wp\/v2\/pages\/290\/revisions"}],"predecessor-version":[{"id":292,"href":"https:\/\/sdovin.fr\/index.php\/wp-json\/wp\/v2\/pages\/290\/revisions\/292"}],"wp:attachment":[{"href":"https:\/\/sdovin.fr\/index.php\/wp-json\/wp\/v2\/media?parent=290"}],"curies":[{"name":"wp","href":"https:\/\/api.w.org\/{rel}","templated":true}]}}