{"id":62,"date":"2025-11-24T08:53:19","date_gmt":"2025-11-24T08:53:19","guid":{"rendered":"https:\/\/sdovin.fr\/?page_id=62"},"modified":"2026-02-09T10:30:15","modified_gmt":"2026-02-09T10:30:15","slug":"e-learning-jeu-serieux-numerique","status":"publish","type":"page","link":"https:\/\/sdovin.fr\/index.php\/e-learning-jeu-serieux-numerique\/","title":{"rendered":"E-LEARNING ,JEU SERIEUX NUMERIQUE"},"content":{"rendered":"\n<p class=\"has-accent-2-background-color has-background\" style=\"font-style:normal;font-weight:700\"><em>Vous souhaitez proposer une partie de vos contenus d&rsquo;enseignement en <strong>num\u00e9rique<\/strong> pour un apprentissage <strong>asynchrone <\/strong>et disposer du temps de pr\u00e9sence pour des activit\u00e9s \u00e0 plus forte valeur p\u00e9dagogique ?<\/em><\/p>\n\n\n\n<p class=\"has-accent-2-background-color has-background\" style=\"font-style:normal;font-weight:400\">Je con\u00e7ois votre <strong>E-learning interactif<\/strong> \u00e0 partir de vos contenus, pr\u00eat \u00e0 d\u00e9poser sur votre plateforme d&rsquo;apprentissage ou sur votre site internet.<\/p>\n\n\n\n<p class=\"has-accent-2-color has-accent-3-background-color has-text-color has-background has-link-color wp-elements-f51802e54a05a1e47a84c87b8ded7a32\" style=\"font-style:normal;font-weight:700\"><em>Le <strong>jeu <\/strong>est reconnu comme un moyen d&rsquo;apprentissage efficace.<br>Il \u00e9veille la <strong>curiosit\u00e9 <\/strong>cr\u00e9ant une disposition d&rsquo;esprit favorable \u00e0 l&rsquo;apprentissage, permet le <strong>pas de c\u00f4t\u00e9<\/strong> par rapport \u00e0 la r\u00e9alit\u00e9 et ses implications(jugement, rapport \u00e0 l&rsquo;erreur), suscite des <strong>\u00e9motions<\/strong> propices \u00e0 la m\u00e9morisation.<\/em><\/p>\n\n\n\n<p class=\"has-accent-2-color has-accent-3-background-color has-text-color has-background has-link-color wp-elements-2279980f498c66a31dada6b8e5a5c9ea\" style=\"font-style:normal;font-weight:400\">Je crois fermement aux vertus du jeu en formation, c&rsquo;est pourquoi je r\u00e9alise votre <strong>jeu s\u00e9rieux num\u00e9rique formatif.<\/strong> <br>Jeu simplement lin\u00e9aire ou plus complexe, je propose un espace-temps pour <strong>apprendre autrement<\/strong>.<br><\/p>\n\n\n\n<p class=\"has-accent-2-color has-contrast-background-color has-text-color has-background has-link-color wp-elements-7365217926a3672a378af86a16fd1795\" style=\"font-style:normal;font-weight:400\">J&rsquo;utilise l&rsquo;outil auteur <strong>Articulate 360 <\/strong>(Storyline 360, Rise 360&#8230;) pour une exp\u00e9rience d&rsquo;apprentissage agr\u00e9able, ludique et efficace. <br>J&rsquo;applique les principes de l&rsquo;<strong>\u00e9co-conception de ressources p\u00e9dagogiques num\u00e9riques<\/strong>.<\/p>\n\n\n\n<p><\/p>\n\n\n\n<p><\/p>\n\n\n\n<p><\/p>\n\n\n\n<p><\/p>\n\n\n\n<div class=\"wp-block-buttons is-content-justification-center is-layout-flex wp-container-core-buttons-is-layout-a89b3969 wp-block-buttons-is-layout-flex\">\n<div class=\"wp-block-button\"><a class=\"wp-block-button__link has-accent-3-color has-accent-2-background-color has-text-color has-background has-link-color has-text-align-center wp-element-button\" href=\"https:\/\/sdovin.fr\/index.php\/contacts\/\" style=\"font-style:normal;font-weight:500\" target=\"_blank\" rel=\"noreferrer noopener\"><strong>Travaillons ensemble<\/strong><\/a><\/div>\n<\/div>\n\n\n\n<p><\/p>\n","protected":false},"excerpt":{"rendered":"<p>Vous souhaitez proposer une partie de vos contenus d&rsquo;enseignement en num\u00e9rique pour un apprentissage asynchrone et disposer du temps de pr\u00e9sence pour des activit\u00e9s \u00e0 plus forte valeur p\u00e9dagogique ? Je con\u00e7ois votre E-learning interactif \u00e0 partir de vos contenus, pr\u00eat \u00e0 d\u00e9poser sur votre plateforme d&rsquo;apprentissage ou sur votre site internet. Le jeu est [&hellip;]<\/p>\n","protected":false},"author":1,"featured_media":0,"parent":0,"menu_order":0,"comment_status":"closed","ping_status":"closed","template":"page-vierge","meta":{"footnotes":""},"class_list":["post-62","page","type-page","status-publish","hentry"],"_links":{"self":[{"href":"https:\/\/sdovin.fr\/index.php\/wp-json\/wp\/v2\/pages\/62","targetHints":{"allow":["GET"]}}],"collection":[{"href":"https:\/\/sdovin.fr\/index.php\/wp-json\/wp\/v2\/pages"}],"about":[{"href":"https:\/\/sdovin.fr\/index.php\/wp-json\/wp\/v2\/types\/page"}],"author":[{"embeddable":true,"href":"https:\/\/sdovin.fr\/index.php\/wp-json\/wp\/v2\/users\/1"}],"replies":[{"embeddable":true,"href":"https:\/\/sdovin.fr\/index.php\/wp-json\/wp\/v2\/comments?post=62"}],"version-history":[{"count":7,"href":"https:\/\/sdovin.fr\/index.php\/wp-json\/wp\/v2\/pages\/62\/revisions"}],"predecessor-version":[{"id":336,"href":"https:\/\/sdovin.fr\/index.php\/wp-json\/wp\/v2\/pages\/62\/revisions\/336"}],"wp:attachment":[{"href":"https:\/\/sdovin.fr\/index.php\/wp-json\/wp\/v2\/media?parent=62"}],"curies":[{"name":"wp","href":"https:\/\/api.w.org\/{rel}","templated":true}]}}