{"id":63,"date":"2025-10-30T10:48:38","date_gmt":"2025-10-30T10:48:38","guid":{"rendered":"https:\/\/sdovin.fr\/?page_id=63"},"modified":"2026-03-25T15:03:49","modified_gmt":"2026-03-25T15:03:49","slug":"animation-dateliers-facilitation-pedagogique","status":"publish","type":"page","link":"https:\/\/sdovin.fr\/index.php\/animation-dateliers-facilitation-pedagogique\/","title":{"rendered":"Animation d&rsquo;ateliers, facilitation p\u00e9dagogique"},"content":{"rendered":"\n<p class=\"has-accent-2-color has-text-color has-background has-link-color wp-elements-bad0c6164347765bba802d5f847f4faa\" style=\"background-color:#ffffff9c;font-style:normal;font-weight:700\">En 2026, former c&rsquo;est accompagner les apprenants \u00e0 d\u00e9velopper les comp\u00e9tences qu&rsquo;ils auront \u00e0 mobiliser dans un monde en transition.<\/p>\n\n\n\n<p class=\"has-accent-2-background-color has-background\">J&rsquo;accompagne les formateurs dans la prise en compte des enjeux cl\u00e9s du 21 \u00e8 me si\u00e8cle: <br>&#8211; connaissance et compr\u00e9hension du changement climatique pour l&rsquo;att\u00e9nuation et l&rsquo;adaptation, <br>&#8211; exercice de la citoyennet\u00e9 active,<br>&#8211; reconnexion avec la nature.<\/p>\n\n\n\n<div class=\"wp-block-columns alignwide is-layout-flex wp-container-core-columns-is-layout-28f84493 wp-block-columns-is-layout-flex\">\n<div class=\"wp-block-column is-layout-flow wp-block-column-is-layout-flow\">\n<p class=\"is-style-text-annotation has-accent-2-color has-accent-3-background-color has-text-color has-background has-link-color wp-elements-be9d72752cec058346f2876239895849 is-style-text-annotation--1\" style=\"font-size:clamp(16.293px, 1.018rem + ((1vw - 3.2px) * 0.854), 25px);font-style:normal;font-weight:800\"><a href=\"https:\/\/sdovin.fr\/index.php\/connecter-sa-formation-au-contexte-de-changement-climatique\/\">Connecter  les formations au contexte du changement climatique.<\/a><\/p>\n<\/div>\n\n\n\n<div class=\"wp-block-column is-layout-flow wp-block-column-is-layout-flow\">\n<p class=\"is-style-text-annotation has-accent-2-color has-accent-3-background-color has-text-color has-background has-link-color wp-elements-3ae491694f08dc7bd5514cf97355bc7f is-style-text-annotation--2\" style=\"font-size:clamp(16.293px, 1.018rem + ((1vw - 3.2px) * 0.854), 25px);font-style:normal;font-weight:800\"><a href=\"https:\/\/sdovin.fr\/index.php\/imaginer-demain-pour-engager-les-apprenants-aujourdhui\/\">Imaginer demain pour engager les apprenants aujourd&rsquo;hui.<\/a><\/p>\n<\/div>\n\n\n\n<div class=\"wp-block-column is-layout-flow wp-block-column-is-layout-flow\">\n<p class=\"is-style-text-annotation has-accent-2-color has-accent-3-background-color has-text-color has-background has-link-color wp-elements-8199bac785d3258dca8e177092bc051c is-style-text-annotation--3\" style=\"font-size:clamp(16.293px, 1.018rem + ((1vw - 3.2px) * 0.854), 25px);font-style:normal;font-weight:800\"><a href=\"https:\/\/sdovin.fr\/index.php\/faire-de-la-nature-son-allie-pedagogique\/\" data-type=\"link\" data-id=\"https:\/\/sdovin.fr\/index.php\/faire-de-la-nature-son-allie-pedagogique\/\">R\u00e9enchanter la formation : faire de la nature un alli\u00e9 p\u00e9dagogique.<\/a><\/p>\n<\/div>\n<\/div>\n\n\n\n<p><\/p>\n","protected":false},"excerpt":{"rendered":"<p>En 2026, former c&rsquo;est accompagner les apprenants \u00e0 d\u00e9velopper les comp\u00e9tences qu&rsquo;ils auront \u00e0 mobiliser dans un monde en transition. J&rsquo;accompagne les formateurs dans la prise en compte des enjeux cl\u00e9s du 21 \u00e8 me si\u00e8cle: &#8211; connaissance et compr\u00e9hension du changement climatique pour l&rsquo;att\u00e9nuation et l&rsquo;adaptation, &#8211; exercice de la citoyennet\u00e9 active,&#8211; reconnexion avec [&hellip;]<\/p>\n","protected":false},"author":1,"featured_media":0,"parent":0,"menu_order":0,"comment_status":"closed","ping_status":"closed","template":"page-vierge","meta":{"footnotes":""},"class_list":["post-63","page","type-page","status-publish","hentry"],"_links":{"self":[{"href":"https:\/\/sdovin.fr\/index.php\/wp-json\/wp\/v2\/pages\/63","targetHints":{"allow":["GET"]}}],"collection":[{"href":"https:\/\/sdovin.fr\/index.php\/wp-json\/wp\/v2\/pages"}],"about":[{"href":"https:\/\/sdovin.fr\/index.php\/wp-json\/wp\/v2\/types\/page"}],"author":[{"embeddable":true,"href":"https:\/\/sdovin.fr\/index.php\/wp-json\/wp\/v2\/users\/1"}],"replies":[{"embeddable":true,"href":"https:\/\/sdovin.fr\/index.php\/wp-json\/wp\/v2\/comments?post=63"}],"version-history":[{"count":12,"href":"https:\/\/sdovin.fr\/index.php\/wp-json\/wp\/v2\/pages\/63\/revisions"}],"predecessor-version":[{"id":346,"href":"https:\/\/sdovin.fr\/index.php\/wp-json\/wp\/v2\/pages\/63\/revisions\/346"}],"wp:attachment":[{"href":"https:\/\/sdovin.fr\/index.php\/wp-json\/wp\/v2\/media?parent=63"}],"curies":[{"name":"wp","href":"https:\/\/api.w.org\/{rel}","templated":true}]}}