{"id":71,"date":"2025-10-22T13:24:27","date_gmt":"2025-10-22T13:24:27","guid":{"rendered":"https:\/\/sdovin.fr\/?page_id=71"},"modified":"2025-12-11T15:06:23","modified_gmt":"2025-12-11T15:06:23","slug":"a-propos","status":"publish","type":"page","link":"https:\/\/sdovin.fr\/index.php\/a-propos\/","title":{"rendered":"A propos&#8230;"},"content":{"rendered":"\n<figure class=\"wp-block-image aligncenter size-full is-resized\"><img loading=\"lazy\" decoding=\"async\" width=\"1152\" height=\"2560\" src=\"https:\/\/sdovin.fr\/wp-content\/uploads\/2025\/12\/sd-edited-scaled.webp\" alt=\"\" class=\"wp-image-325\" style=\"width:136px;height:auto\" srcset=\"https:\/\/sdovin.fr\/wp-content\/uploads\/2025\/12\/sd-edited-scaled.webp 1152w, https:\/\/sdovin.fr\/wp-content\/uploads\/2025\/12\/sd-edited-135x300.webp 135w, https:\/\/sdovin.fr\/wp-content\/uploads\/2025\/12\/sd-edited-461x1024.webp 461w, https:\/\/sdovin.fr\/wp-content\/uploads\/2025\/12\/sd-edited-768x1707.webp 768w, https:\/\/sdovin.fr\/wp-content\/uploads\/2025\/12\/sd-edited-691x1536.webp 691w, https:\/\/sdovin.fr\/wp-content\/uploads\/2025\/12\/sd-edited-921x2048.webp 921w\" sizes=\"auto, (max-width: 1152px) 100vw, 1152px\" \/><figcaption class=\"wp-element-caption\">Sandrine DOVIN<\/figcaption><\/figure>\n\n\n\n<h2 class=\"wp-block-heading alignwide has-text-align-left has-accent-3-color has-accent-2-background-color has-text-color has-background has-link-color wp-elements-d2c582a812bb7a3bf2229d5055c2dac3\">Qui suis-je et que fais-je ?<\/h2>\n\n\n\n<div class=\"wp-block-group is-style-section-5 has-global-padding is-layout-constrained wp-block-group-is-layout-constrained is-style-section-5--1\">\n<p class=\"is-style-default has-accent-2-color has-contrast-background-color has-text-color has-background has-link-color wp-elements-4840ef73120278fd62a91433c4aeea28\" style=\"font-style:normal;font-weight:400;line-height:1.5\">Je suis <strong>ing\u00e9nieure, conceptrice p\u00e9dagogique et animatrice<\/strong> depuis 20 ans \u00e0 Brest et ses alentours. <br>Economiste de formation, j&rsquo;ai pratiqu\u00e9 la m\u00e9diation scientifique dans le milieu de l&rsquo;\u00e9ducation populaire ainsi que le secteur priv\u00e9 de la communication p\u00e9dagogique. J&rsquo;ai travaill\u00e9 en tant qu&rsquo;ing\u00e9nieure p\u00e9dagogique et conceptrice num\u00e9rique dans l&rsquo;enseignement sup\u00e9rieur.<\/p>\n\n\n\n<p class=\"has-accent-2-color has-contrast-background-color has-text-color has-background has-link-color wp-elements-aa106074fc020e6dd25667df675bdfb8\" style=\"font-style:normal;font-weight:400;line-height:1.5\">Aujourd&rsquo;hui, j&rsquo;aide les organismes de formation \u00e0 engager leurs apprenants en int\u00e9grant le<strong> jeu s\u00e9rieux et les p\u00e9dagogies actives <\/strong>dans leurs parcours. <br><br>J&rsquo;accompagne aussi les formateurs dans la prise en compte, dans les formations, des <strong>enjeux cl\u00e9s du 21\u00e8me si\u00e8cle<\/strong> (changement climatique et adaptation \u00e0 ses impacts, reconnexion avec le vivant &#8230;). <br>Gr\u00e2ce \u00e0 <strong>3 ateliers th\u00e9matiques,<\/strong> je leur apporte des outils pratiques \u00e0 impl\u00e9menter dans leurs parcours.<\/p>\n<\/div>\n\n\n\n<h2 class=\"wp-block-heading alignwide has-accent-3-color has-accent-2-background-color has-text-color has-background has-link-color wp-elements-1ca140d3ee42b9ecc663ec614e75e005\">Quelles sont mes valeurs et ma philosophie?<\/h2>\n\n\n\n<div class=\"wp-block-group has-global-padding is-layout-constrained wp-block-group-is-layout-constrained\">\n<p class=\"has-text-align-left has-accent-2-color has-contrast-background-color has-text-color has-background has-link-color has-large-font-size wp-elements-086e5c1713b2cc3810c5ed7ef1350327\" style=\"font-style:normal;font-weight:400\">Pour concevoir une proposition, je m&rsquo;appuie sur les principes et valeurs ci-dessous: <\/p>\n<\/div>\n\n\n\n<div class=\"wp-block-group has-global-padding is-layout-constrained wp-block-group-is-layout-constrained\">\n<div class=\"wp-block-group is-style-default has-global-padding is-layout-constrained wp-block-group-is-layout-constrained\">\n<p class=\"has-accent-2-color has-contrast-background-color has-text-color has-background has-link-color wp-elements-449855cd6a654ded3221fe18524d5dc0\" style=\"font-style:normal;font-weight:500\"><strong><em>Proximit\u00e9<\/em><\/strong>: <br>Je privil\u00e9gie la prestation locale, en circuit court.<\/p>\n\n\n\n<p class=\"has-accent-2-color has-contrast-background-color has-text-color has-background has-link-color wp-elements-d334f2c97f87a0142dd5a55d7d50d9d4\" style=\"font-style:normal;font-weight:500\"><strong><em>Bienveillance<\/em><\/strong>: <br>Je me mets \u00e0 la place des apprenants et veille \u00e0 utiliser un langage positif et inclusif ainsi qu&rsquo;\u00e0 proposer des activit\u00e9s ludiques stimulantes.<br>Je suis \u00e0 l&rsquo;\u00e9coute de vos besoins et contraintes.<\/p>\n\n\n\n<p class=\"has-accent-2-color has-contrast-background-color has-text-color has-background has-link-color wp-elements-4e60c6e7345de625c055db81dfe8d6c5\" style=\"font-style:normal;font-weight:500\"><em><strong>Transparence<\/strong><\/em>: <br>Chaque proposition est clairement explicit\u00e9e.<br>Les objectifs p\u00e9dagogiques sont affich\u00e9s, les modalit\u00e9s d&rsquo;\u00e9valuation des acquis sont mentionn\u00e9es d\u00e8s le d\u00e9part et la strat\u00e9gie p\u00e9dagogique est annonc\u00e9e.<\/p>\n\n\n\n<p class=\"has-accent-2-color has-contrast-background-color has-text-color has-background has-link-color wp-elements-ce3bf5f32d2717793b06dd78eef0b2c7\" style=\"font-style:normal;font-weight:500\"><strong>Intelligence collective:<\/strong> <br>Je fais le pari de la comp\u00e9tence du groupe. J&rsquo;exploite les p\u00e9dagogies actives pour faire \u00e9merger le meilleur de chacun au b\u00e9n\u00e9fice de tous.<\/p>\n\n\n\n<p class=\"has-accent-2-color has-contrast-background-color has-text-color has-background has-link-color wp-elements-f774434ec9064ed2c56a90ea5a147241\" style=\"font-style:normal;font-weight:500\"><strong>Sobri\u00e9t\u00e9<\/strong>: <br>Je cherche \u00e0 minimiser l&rsquo;impact environnemental de mon activit\u00e9.<\/p>\n<\/div>\n<\/div>\n\n\n\n<div class=\"wp-block-buttons is-content-justification-center is-layout-flex wp-container-core-buttons-is-layout-a89b3969 wp-block-buttons-is-layout-flex\">\n<div class=\"wp-block-button\"><a class=\"wp-block-button__link has-accent-2-background-color has-background wp-element-button\">Travaillons ensemble.<\/a><\/div>\n<\/div>\n\n\n\n<div class=\"wp-block-group alignfull is-content-justification-space-between is-layout-flex wp-container-core-group-is-layout-e5edad21 wp-block-group-is-layout-flex\">\n<div class=\"wp-block-columns is-layout-flex wp-container-core-columns-is-layout-28f84493 wp-block-columns-is-layout-flex\">\n<div class=\"wp-block-column is-layout-flow wp-block-column-is-layout-flow\" style=\"flex-basis:100%\"><\/div>\n\n\n\n<div class=\"wp-block-column is-layout-flow wp-block-column-is-layout-flow\"><\/div>\n\n\n\n<div class=\"wp-block-column is-layout-flow wp-block-column-is-layout-flow\">\n<div style=\"height:var(--wp--preset--spacing--40);width:0px\" aria-hidden=\"true\" class=\"wp-block-spacer\"><\/div>\n<\/div>\n<\/div>\n\n\n\n<div class=\"wp-block-group is-content-justification-space-between is-layout-flex wp-container-core-group-is-layout-570722b2 wp-block-group-is-layout-flex\"><\/div>\n<\/div>\n\n\n\n<p><\/p>\n","protected":false},"excerpt":{"rendered":"<p>Qui suis-je et que fais-je ? Je suis ing\u00e9nieure, conceptrice p\u00e9dagogique et animatrice depuis 20 ans \u00e0 Brest et ses alentours. Economiste de formation, j&rsquo;ai pratiqu\u00e9 la m\u00e9diation scientifique dans le milieu de l&rsquo;\u00e9ducation populaire ainsi que le secteur priv\u00e9 de la communication p\u00e9dagogique. J&rsquo;ai travaill\u00e9 en tant qu&rsquo;ing\u00e9nieure p\u00e9dagogique et conceptrice num\u00e9rique dans l&rsquo;enseignement [&hellip;]<\/p>\n","protected":false},"author":1,"featured_media":0,"parent":0,"menu_order":0,"comment_status":"closed","ping_status":"closed","template":"page-vierge","meta":{"footnotes":""},"class_list":["post-71","page","type-page","status-publish","hentry"],"_links":{"self":[{"href":"https:\/\/sdovin.fr\/index.php\/wp-json\/wp\/v2\/pages\/71","targetHints":{"allow":["GET"]}}],"collection":[{"href":"https:\/\/sdovin.fr\/index.php\/wp-json\/wp\/v2\/pages"}],"about":[{"href":"https:\/\/sdovin.fr\/index.php\/wp-json\/wp\/v2\/types\/page"}],"author":[{"embeddable":true,"href":"https:\/\/sdovin.fr\/index.php\/wp-json\/wp\/v2\/users\/1"}],"replies":[{"embeddable":true,"href":"https:\/\/sdovin.fr\/index.php\/wp-json\/wp\/v2\/comments?post=71"}],"version-history":[{"count":16,"href":"https:\/\/sdovin.fr\/index.php\/wp-json\/wp\/v2\/pages\/71\/revisions"}],"predecessor-version":[{"id":326,"href":"https:\/\/sdovin.fr\/index.php\/wp-json\/wp\/v2\/pages\/71\/revisions\/326"}],"wp:attachment":[{"href":"https:\/\/sdovin.fr\/index.php\/wp-json\/wp\/v2\/media?parent=71"}],"curies":[{"name":"wp","href":"https:\/\/api.w.org\/{rel}","templated":true}]}}